{"id":1033,"date":"2020-07-31T19:13:15","date_gmt":"2020-07-31T19:13:15","guid":{"rendered":"https:\/\/atrabajar.mx\/web\/enviar-cv\/"},"modified":"2020-07-31T19:13:15","modified_gmt":"2020-07-31T19:13:15","slug":"enviar-cv","status":"publish","type":"page","link":"https:\/\/atrabajar.mx\/web\/enviar-cv\/","title":{"rendered":"Enviar CV"},"content":{"rendered":"<form action=\"\/web\/wp-json\/wp\/v2\/pages\/1033\" method=\"post\" id=\"submit-resume-form\" class=\"job-manager-form\" enctype=\"multipart\/form-data\">\n\n\t\n\t\n\t\n\t\t\n\t\t<!-- Resume Fields -->\n\t\t\n\t\t\t\t\t<fieldset class=\"fieldset-foto\">\n\t\t\t\t<label for=\"foto\">Foto <small>(opcional)<\/small><\/label>\n\t\t\t\t<div class=\"field\">\n\t\t\t\t\t<div class=\"job-manager-uploaded-files\">\n\t<\/div>\n\n<input\n\ttype=\"file\"\n\tclass=\"input-text\"\n\tdata-file_types=\"jpg|jpeg|jpe|gif|png|bmp|tiff|tif|webp|avif|ico|heic|heif|heics|heifs|asf|asx|wmv|wmx|wm|avi|divx|flv|mov|qt|mpeg|mpg|mpe|mp4|m4v|ogv|webm|mkv|3gp|3gpp|3g2|3gp2|txt|asc|c|cc|h|srt|csv|tsv|ics|rtx|css|vtt|dfxp|mp3|m4a|m4b|aac|ra|ram|wav|x-wav|ogg|oga|flac|mid|midi|wma|wax|mka|rtf|pdf|class|tar|zip|gz|gzip|rar|7z|psd|xcf|doc|pot|pps|ppt|wri|xla|xls|xlt|xlw|mdb|mpp|docx|docm|dotx|dotm|xlsx|xlsm|xlsb|xltx|xltm|xlam|pptx|pptm|ppsx|ppsm|potx|potm|ppam|sldx|sldm|onetoc|onetoc2|onetmp|onepkg|oxps|xps|odt|odp|ods|odg|odc|odb|odf|wp|wpd|key|numbers|pages|mp4|txt\"\n\t\t\t\tname=\"foto\"\n\tid=\"foto\"\n\tplaceholder=\"\"\n\/>\n<small class=\"description\">\n\t\t\tSube una foto para que te conozcamos\t<\/small>\n\t\t\t\t<\/div>\n\t\t\t<\/fieldset>\n\t\t\t\t\t<fieldset class=\"fieldset-candidate_name\">\n\t\t\t\t<label for=\"candidate_name\">Tu nombre<\/label>\n\t\t\t\t<div class=\"field\">\n\t\t\t\t\t<input type=\"text\" class=\"input-text\" name=\"candidate_name\" id=\"candidate_name\" placeholder=\"Nombre completo\" value=\"\" maxlength=\"\" required \/>\n\t\t\t\t<\/div>\n\t\t\t<\/fieldset>\n\t\t\t\t\t<fieldset class=\"fieldset-candidate_email\">\n\t\t\t\t<label for=\"candidate_email\">Tu Email<\/label>\n\t\t\t\t<div class=\"field\">\n\t\t\t\t\t<input type=\"text\" class=\"input-text\" name=\"candidate_email\" id=\"candidate_email\" placeholder=\"tuCorreo@sudominio.com\" value=\"\" maxlength=\"\" required \/>\n\t\t\t\t<\/div>\n\t\t\t<\/fieldset>\n\t\t\t\t\t<fieldset class=\"fieldset-resume_region\">\n\t\t\t\t<label for=\"resume_region\">Estado<\/label>\n\t\t\t\t<div class=\"field\">\n\t\t\t\t\t<select  name='resume_region' id='resume_region' class='postform'>\n\t<option class=\"level-0\" value=\"156\">Aguascalientes<\/option>\n\t<option class=\"level-0\" value=\"157\">Baja California<\/option>\n\t<option class=\"level-0\" value=\"158\">Baja California Sur<\/option>\n\t<option class=\"level-0\" value=\"159\">Campeche<\/option>\n\t<option class=\"level-0\" value=\"162\">Chiapas<\/option>\n\t<option class=\"level-0\" value=\"163\">Chihuahua<\/option>\n\t<option class=\"level-0\" value=\"164\">Ciudad de M\u00e9xico<\/option>\n\t<option class=\"level-0\" value=\"160\">Coahuila de Zaragoza<\/option>\n\t<option class=\"level-0\" value=\"161\">Colima<\/option>\n\t<option class=\"level-0\" value=\"165\">Durango<\/option>\n\t<option class=\"level-0\" value=\"170\">Estado de M\u00e9xico<\/option>\n\t<option class=\"level-0\" value=\"166\">Guanajuato<\/option>\n\t<option class=\"level-0\" value=\"167\">Guerrero<\/option>\n\t<option class=\"level-0\" value=\"168\">Hidalgo<\/option>\n\t<option class=\"level-0\" value=\"169\">Jalisco<\/option>\n\t<option class=\"level-0\" value=\"171\">Michoac\u00e1n<\/option>\n\t<option class=\"level-0\" value=\"172\">Morelos<\/option>\n\t<option class=\"level-0\" value=\"173\">Nayarit<\/option>\n\t<option class=\"level-0\" value=\"174\">Nuevo Le\u00f3n<\/option>\n\t<option class=\"level-0\" value=\"175\">Oaxaca<\/option>\n\t<option class=\"level-0\" value=\"176\">Puebla<\/option>\n\t<option class=\"level-0\" value=\"177\">Quer\u00e9taro<\/option>\n\t<option class=\"level-0\" value=\"178\">Quintana Roo<\/option>\n\t<option class=\"level-0\" value=\"179\">San Luis Potos\u00ed<\/option>\n\t<option class=\"level-0\" value=\"180\">Sinaloa<\/option>\n\t<option class=\"level-0\" value=\"181\">Sonora<\/option>\n\t<option class=\"level-0\" value=\"182\">Tabasco<\/option>\n\t<option class=\"level-0\" value=\"183\">Tamaulipas<\/option>\n\t<option class=\"level-0\" value=\"184\">Tlaxcala<\/option>\n\t<option class=\"level-0\" value=\"185\">Veracruz<\/option>\n\t<option class=\"level-0\" value=\"186\">Yucat\u00e1n<\/option>\n\t<option class=\"level-0\" value=\"187\">Zacatecas<\/option>\n<\/select>\n\t\t\t\t<\/div>\n\t\t\t<\/fieldset>\n\t\t\t\t\t<fieldset class=\"fieldset-candidate_location\">\n\t\t\t\t<label for=\"candidate_location\">Lugar de Recidencia<\/label>\n\t\t\t\t<div class=\"field\">\n\t\t\t\t\t<input type=\"text\" class=\"input-text\" name=\"candidate_location\" id=\"candidate_location\" placeholder=\"\" value=\"\" maxlength=\"\" required \/>\n\t\t\t\t<\/div>\n\t\t\t<\/fieldset>\n\t\t\t\t\t<fieldset class=\"fieldset-resume_content\">\n\t\t\t\t<label for=\"resume_content\">Contenido del CV<\/label>\n\t\t\t\t<div class=\"field\">\n\t\t\t\t\t<div id=\"wp-resume_content-wrap\" class=\"wp-core-ui wp-editor-wrap tmce-active\"><link rel='stylesheet' id='dashicons-css' href='https:\/\/atrabajar.mx\/web\/wp-includes\/css\/dashicons.min.css?ver=6.9.4' type='text\/css' media='all' \/>\n<link rel='stylesheet' id='editor-buttons-css' href='https:\/\/atrabajar.mx\/web\/wp-includes\/css\/editor.min.css?ver=6.9.4' type='text\/css' media='all' \/>\n<style> .mce-top-part button { background-color: rgba(0,0,0,0.0) !important; } <\/style>\n<div id=\"wp-resume_content-editor-container\" class=\"wp-editor-container\"><textarea class=\"wp-editor-area\" rows=\"8\" autocomplete=\"off\" cols=\"40\" name=\"resume_content\" id=\"resume_content\"><\/textarea><\/div>\n<\/div>\n\n\t\t\t\t<\/div>\n\t\t\t<\/fieldset>\n\t\t\t\t\t<fieldset class=\"fieldset-candidate_education\">\n\t\t\t\t<label for=\"candidate_education\">Grado de Estudios<\/label>\n\t\t\t\t<div class=\"field\">\n\t\t\t\t\t\n<a href=\"#\" class=\"resume-manager-add-row\" data-row=\"\t\t&lt;div class=&quot;resume-manager-data-row&quot;&gt;\n\t\t\t&lt;input type=&quot;hidden&quot; class=&quot;repeated-row-index&quot; name=&quot;repeated-row-candidate_education[]&quot; value=&quot;%%repeated-row-index%%&quot; \/&gt;\n\t\t\t&lt;a href=&quot;#&quot; class=&quot;resume-manager-remove-row&quot;&gt;Remover&lt;\/a&gt;\n\t\t\t\t\t\t\t&lt;fieldset class=&quot;fieldset-location&quot;&gt;\n\t\t\t\t\t&lt;label for=&quot;location&quot;&gt;Nombre de la Escuela&lt;\/label&gt;\n\t\t\t\t\t&lt;div class=&quot;field&quot;&gt;\n\t\t\t\t\t\t&lt;input type=&quot;text&quot; class=&quot;input-text&quot; name=&quot;candidate_education_location_%%repeated-row-index%%&quot; id=&quot;location&quot; placeholder=&quot;&quot; value=&quot;&quot; maxlength=&quot;&quot; required \/&gt;\n\t\t\t\t\t&lt;\/div&gt;\n\t\t\t\t&lt;\/fieldset&gt;\n\t\t\t\t\t\t\t&lt;fieldset class=&quot;fieldset-qualification&quot;&gt;\n\t\t\t\t\t&lt;label for=&quot;qualification&quot;&gt;Experiencia&lt;\/label&gt;\n\t\t\t\t\t&lt;div class=&quot;field&quot;&gt;\n\t\t\t\t\t\t&lt;input type=&quot;text&quot; class=&quot;input-text&quot; name=&quot;candidate_education_qualification_%%repeated-row-index%%&quot; id=&quot;qualification&quot; placeholder=&quot;&quot; value=&quot;&quot; maxlength=&quot;&quot; required \/&gt;\n\t\t\t\t\t&lt;\/div&gt;\n\t\t\t\t&lt;\/fieldset&gt;\n\t\t\t\t\t\t\t&lt;fieldset class=&quot;fieldset-date&quot;&gt;\n\t\t\t\t\t&lt;label for=&quot;date&quot;&gt;Fecha de inicio y finalizaci\u00f3n&lt;\/label&gt;\n\t\t\t\t\t&lt;div class=&quot;field&quot;&gt;\n\t\t\t\t\t\t&lt;input type=&quot;text&quot; class=&quot;input-text&quot; name=&quot;candidate_education_date_%%repeated-row-index%%&quot; id=&quot;date&quot; placeholder=&quot;&quot; value=&quot;&quot; maxlength=&quot;&quot; required \/&gt;\n\t\t\t\t\t&lt;\/div&gt;\n\t\t\t\t&lt;\/fieldset&gt;\n\t\t\t\t\t\t\t&lt;fieldset class=&quot;fieldset-notes&quot;&gt;\n\t\t\t\t\t&lt;label for=&quot;notes&quot;&gt;Notas &lt;small&gt;(opcional)&lt;\/small&gt;&lt;\/label&gt;\n\t\t\t\t\t&lt;div class=&quot;field&quot;&gt;\n\t\t\t\t\t\t&lt;textarea cols=&quot;20&quot; rows=&quot;3&quot; class=&quot;input-text&quot; name=&quot;candidate_education_notes_%%repeated-row-index%%&quot; id=&quot;notes&quot; placeholder=&quot;&quot; maxlength=&quot;&quot; &gt;&lt;\/textarea&gt;\n\t\t\t\t\t&lt;\/div&gt;\n\t\t\t\t&lt;\/fieldset&gt;\n\t\t\t\t\t&lt;\/div&gt;\n\t\">+ Agregar educaci\u00f3n<\/a>\n\t\t\t\t<\/div>\n\t\t\t<\/fieldset>\n\t\t\t\t\t<fieldset class=\"fieldset-candidate_experience\">\n\t\t\t\t<label for=\"candidate_experience\">Experiencia <small>(opcional)<\/small><\/label>\n\t\t\t\t<div class=\"field\">\n\t\t\t\t\t\n<a href=\"#\" class=\"resume-manager-add-row\" data-row=\"\t\t&lt;div class=&quot;resume-manager-data-row&quot;&gt;\n\t\t\t&lt;input type=&quot;hidden&quot; class=&quot;repeated-row-index&quot; name=&quot;repeated-row-candidate_experience[]&quot; value=&quot;%%repeated-row-index%%&quot; \/&gt;\n\t\t\t&lt;a href=&quot;#&quot; class=&quot;resume-manager-remove-row&quot;&gt;Remover&lt;\/a&gt;\n\t\t\t\t\t\t\t&lt;fieldset class=&quot;fieldset-employer&quot;&gt;\n\t\t\t\t\t&lt;label for=&quot;employer&quot;&gt;Empleador&lt;\/label&gt;\n\t\t\t\t\t&lt;div class=&quot;field&quot;&gt;\n\t\t\t\t\t\t&lt;input type=&quot;text&quot; class=&quot;input-text&quot; name=&quot;candidate_experience_employer_%%repeated-row-index%%&quot; id=&quot;employer&quot; placeholder=&quot;&quot; value=&quot;&quot; maxlength=&quot;&quot; required \/&gt;\n\t\t\t\t\t&lt;\/div&gt;\n\t\t\t\t&lt;\/fieldset&gt;\n\t\t\t\t\t\t\t&lt;fieldset class=&quot;fieldset-job_title&quot;&gt;\n\t\t\t\t\t&lt;label for=&quot;job_title&quot;&gt;Nombre del Trabajo&lt;\/label&gt;\n\t\t\t\t\t&lt;div class=&quot;field&quot;&gt;\n\t\t\t\t\t\t&lt;input type=&quot;text&quot; class=&quot;input-text&quot; name=&quot;candidate_experience_job_title_%%repeated-row-index%%&quot; id=&quot;job_title&quot; placeholder=&quot;&quot; value=&quot;&quot; maxlength=&quot;&quot; required \/&gt;\n\t\t\t\t\t&lt;\/div&gt;\n\t\t\t\t&lt;\/fieldset&gt;\n\t\t\t\t\t\t\t&lt;fieldset class=&quot;fieldset-date&quot;&gt;\n\t\t\t\t\t&lt;label for=&quot;date&quot;&gt;Fecha de inicio y finalizaci\u00f3n&lt;\/label&gt;\n\t\t\t\t\t&lt;div class=&quot;field&quot;&gt;\n\t\t\t\t\t\t&lt;input type=&quot;text&quot; class=&quot;input-text&quot; name=&quot;candidate_experience_date_%%repeated-row-index%%&quot; id=&quot;date&quot; placeholder=&quot;&quot; value=&quot;&quot; maxlength=&quot;&quot; required \/&gt;\n\t\t\t\t\t&lt;\/div&gt;\n\t\t\t\t&lt;\/fieldset&gt;\n\t\t\t\t\t\t\t&lt;fieldset class=&quot;fieldset-notes&quot;&gt;\n\t\t\t\t\t&lt;label for=&quot;notes&quot;&gt;Notas &lt;small&gt;(opcional)&lt;\/small&gt;&lt;\/label&gt;\n\t\t\t\t\t&lt;div class=&quot;field&quot;&gt;\n\t\t\t\t\t\t&lt;textarea cols=&quot;20&quot; rows=&quot;3&quot; class=&quot;input-text&quot; name=&quot;candidate_experience_notes_%%repeated-row-index%%&quot; id=&quot;notes&quot; placeholder=&quot;&quot; maxlength=&quot;&quot; &gt;&lt;\/textarea&gt;\n\t\t\t\t\t&lt;\/div&gt;\n\t\t\t\t&lt;\/fieldset&gt;\n\t\t\t\t\t&lt;\/div&gt;\n\t\">+ Agregar Experiencia<\/a>\n\t\t\t\t<\/div>\n\t\t\t<\/fieldset>\n\t\t\t\t\t<fieldset class=\"fieldset-resume_file\">\n\t\t\t\t<label for=\"resume_file\">Archivo del CV <small>(opcional)<\/small><\/label>\n\t\t\t\t<div class=\"field\">\n\t\t\t\t\t<div class=\"job-manager-uploaded-files\">\n\t<\/div>\n\n<input\n\ttype=\"file\"\n\tclass=\"input-text\"\n\tdata-file_types=\"jpg|jpeg|jpe|gif|png|bmp|tiff|tif|webp|avif|ico|heic|heif|heics|heifs|asf|asx|wmv|wmx|wm|avi|divx|flv|mov|qt|mpeg|mpg|mpe|mp4|m4v|ogv|webm|mkv|3gp|3gpp|3g2|3gp2|txt|asc|c|cc|h|srt|csv|tsv|ics|rtx|css|vtt|dfxp|mp3|m4a|m4b|aac|ra|ram|wav|x-wav|ogg|oga|flac|mid|midi|wma|wax|mka|rtf|pdf|class|tar|zip|gz|gzip|rar|7z|psd|xcf|doc|pot|pps|ppt|wri|xla|xls|xlt|xlw|mdb|mpp|docx|docm|dotx|dotm|xlsx|xlsm|xlsb|xltx|xltm|xlam|pptx|pptm|ppsx|ppsm|potx|potm|ppam|sldx|sldm|onetoc|onetoc2|onetmp|onepkg|oxps|xps|odt|odp|ods|odg|odc|odb|odf|wp|wpd|key|numbers|pages|mp4|txt\"\n\t\t\t\tname=\"resume_file\"\n\tid=\"resume_file\"\n\tplaceholder=\"\"\n\/>\n<small class=\"description\">\n\t\t\tOpcionalmente subir su curriculum vitae para que los empleadores lo vean. Max. tama\u00f1o de archivo: 256 MB.\t<\/small>\n\t\t\t\t<\/div>\n\t\t\t<\/fieldset>\n\t\t\n\t\t\n\t\t<p>\n\t\t\t<input type=\"hidden\" id=\"_wpnonce\" name=\"_wpnonce\" value=\"684ecdc12e\" \/><input type=\"hidden\" name=\"_wp_http_referer\" value=\"\/web\/wp-json\/wp\/v2\/pages\/1033\" \/>\t\t\t<input type=\"hidden\" name=\"resume_manager_form\" value=\"submit-resume\" \/>\n\t\t\t<input type=\"hidden\" name=\"resume_id\" value=\"0\" \/>\n\t\t\t<input type=\"hidden\" name=\"job_id\" value=\"0\" \/>\n\t\t\t<input type=\"hidden\" name=\"step\" value=\"0\" \/>\n\t\t\t<input type=\"submit\" name=\"submit_resume\" class=\"button\" value=\"Vista previa &rarr;\" \/>\n\t\t<\/p>\n\n\t\n\t<\/form>\n","protected":false},"excerpt":{"rendered":"Foto (opcional) Sube una foto para que te conozcamos Tu nombre Tu Email Estado Aguascalientes Baja California Baja California Sur Campeche Chiapas Chihuahua Ciudad de M\u00e9xico Coahuila de Zaragoza Colima Durango Estado de M\u00e9xico Guanajuato Guerrero Hidalgo Jalisco Michoac\u00e1n Morelos Nayarit Nuevo Le\u00f3n Oaxaca Puebla Quer\u00e9taro Quintana Roo San Luis Potos\u00ed Sinaloa Sonora Tabasco Tamaulipas [...]","protected":false},"author":1,"featured_media":0,"parent":0,"menu_order":0,"comment_status":"closed","ping_status":"closed","template":"","meta":{"footnotes":""},"class_list":["post-1033","page","type-page","status-publish","hentry"],"_links":{"self":[{"href":"https:\/\/atrabajar.mx\/web\/wp-json\/wp\/v2\/pages\/1033","targetHints":{"allow":["GET"]}}],"collection":[{"href":"https:\/\/atrabajar.mx\/web\/wp-json\/wp\/v2\/pages"}],"about":[{"href":"https:\/\/atrabajar.mx\/web\/wp-json\/wp\/v2\/types\/page"}],"author":[{"embeddable":true,"href":"https:\/\/atrabajar.mx\/web\/wp-json\/wp\/v2\/users\/1"}],"replies":[{"embeddable":true,"href":"https:\/\/atrabajar.mx\/web\/wp-json\/wp\/v2\/comments?post=1033"}],"version-history":[{"count":1,"href":"https:\/\/atrabajar.mx\/web\/wp-json\/wp\/v2\/pages\/1033\/revisions"}],"predecessor-version":[{"id":1228,"href":"https:\/\/atrabajar.mx\/web\/wp-json\/wp\/v2\/pages\/1033\/revisions\/1228"}],"wp:attachment":[{"href":"https:\/\/atrabajar.mx\/web\/wp-json\/wp\/v2\/media?parent=1033"}],"curies":[{"name":"wp","href":"https:\/\/api.w.org\/{rel}","templated":true}]}}