{"id":20,"date":"2020-07-02T18:52:58","date_gmt":"2020-07-02T18:52:58","guid":{"rendered":"https:\/\/atrabajar.mx\/web\/home\/"},"modified":"2026-01-15T01:03:11","modified_gmt":"2026-01-15T01:03:11","slug":"home","status":"publish","type":"page","link":"https:\/\/atrabajar.mx\/web\/","title":{"rendered":"Home"},"content":{"rendered":"<div id='full_slider_1'  class='avia-fullwidth-slider main_color avia-shadow   avia-builder-el-0  el_before_av_section  avia-builder-el-first   container_wrap fullsize' style=' '  ><div   data-size='entry_without_sidebar'  data-lightbox_size='large'  data-animation='slide'  data-conditional_play=''  data-ids='1210'  data-video_counter='0'  data-autoplay='false'  data-bg_slider='false'  data-slide_height=''  data-handle='av_slideshow_full'  data-interval='5'  data-class=' '  data-el_id=''  data-css_id=''  data-scroll_down=''  data-control_layout='av-control-hidden'  data-custom_markup=''  data-perma_caption='aviaTBperma_caption'  data-autoplay_stopper=''  data-image_attachment=''  data-min_height='500'  data-lazy_loading='disabled'  data-src=''  data-position='top left'  data-repeat='no-repeat'  data-attach='scroll'  data-stretch=''  data-default-height='34.95867768595'  class='avia-slideshow avia-slideshow-1  av-control-hidden av-default-height-applied avia-slideshow-entry_without_sidebar av_slideshow_full   avia-slide-slider '  itemprop=\"image\" itemscope=\"itemscope\" itemtype=\"https:\/\/schema.org\/ImageObject\" ><ul class='avia-slideshow-inner ' style='padding-bottom: 35.25%;' ><li  class=' av-single-slide slide-1 ' ><div data-rel='slideshow-1' class='avia-slide-wrap '   ><img decoding=\"async\" class=\"wp-image-1210 avia-img-lazy-loading-not-1210\"  src=\"https:\/\/atrabajar.mx\/web\/wp-content\/uploads\/2021\/07\/header-1200x423.jpg\" width=\"1200\" height=\"423\" title='header' alt=''  itemprop=\"thumbnailUrl\"  style='min-height:500; min-width:1419px; ' \/><div class='av-section-color-overlay' style='opacity: 0.5; background-color: #345c89; '><\/div><\/div><\/li><\/ul><div class = \"caption_fullwidth av-slideshow-caption caption_center\"><div class = \"container caption_container\"><div class = \"slideshow_caption\"><div class = \"slideshow_inner_caption\"><div class = \"slideshow_align_caption\"><h2  style='font-size:80px; ' class='avia-caption-title   av-medium-font-size-overwrite av-medium-font-size-40'  itemprop=\"name\" >\u00bfBuscas Empleo?<\/h2><br\/><a href='https:\/\/atrabajar.mx\/web\/enviar-cv\/'  class='avia-slideshow-button avia-button avia-color-theme-color ' data-duration='800' data-easing='easeInOutQuad'>Sube tu CV<\/a><\/div><\/div><\/div><\/div><\/div><\/div><\/div>\n<div id='av_section_1'  class='avia-section header_color avia-section-default avia-no-border-styling  av-parallax-section avia-bg-style-parallax  avia-builder-el-1  el_after_av_slideshow_full  el_before_av_section   av-minimum-height av-minimum-height-custom  container_wrap fullsize' style='background-color: rgba(58,58,58,0.31);  '  data-section-bg-repeat='no-repeat'><div class='av-parallax' data-avia-parallax-ratio='0.3' ><div class='av-parallax-inner header_color  avia-full-stretch' style = 'background-color: rgba(58,58,58,0.31); background-repeat: no-repeat; background-image: url(https:\/\/atrabajar.mx\/web\/wp-content\/uploads\/2017\/12\/bg-test.jpg);background-attachment: scroll; background-position: center center; ' ><\/div><\/div><div class='container' style='height:500px'><div class='template-page content  av-content-full alpha units'><div class='post-entry post-entry-type-page post-entry-20'><div class='entry-content-wrapper clearfix'>\n<div  style='padding-bottom:10px; color:#ffffff;font-size:35px;' class='av-special-heading av-special-heading-h1 custom-color-heading blockquote modern-quote modern-centered  avia-builder-el-2  el_before_av_hr  avia-builder-el-first  av-inherit-size '><h1 class='av-special-heading-tag '  itemprop=\"headline\"  >Certificaci\u00f3n ISO 30405: 2023<\/h1><div class='special-heading-border'><div class='special-heading-inner-border' style='border-color:#ffffff'><\/div><\/div><\/div>\n<div  style='height:25px' class='hr hr-invisible   avia-builder-el-3  el_after_av_heading  el_before_av_two_fifth '><span class='hr-inner ' ><span class='hr-inner-style'><\/span><\/span><\/div>\n<div class=\"flex_column av_two_fifth  flex_column_div av-zero-column-padding first  avia-builder-el-4  el_after_av_hr  el_before_av_three_fifth  \" style='border-radius:0px; '><section class=\"av_textblock_section \"  itemscope=\"itemscope\" itemtype=\"https:\/\/schema.org\/CreativeWork\" ><div class='avia_textblock  '   itemprop=\"text\" ><h2><span style=\"color: #d9ebfc;\"><strong>Compromiso con la Excelencia en la Gesti\u00f3n de Recursos Humanos<\/strong><\/span><\/h2>\n<p style=\"text-align: justify;\"><span style=\"color: #ffffff;\">Nos enorgullece anunciar que hemos obtenido la certificaci\u00f3n ISO 30405:2023, un reconocimiento internacional que garantiza que nuestro sistema de gesti\u00f3n de recursos humanos est\u00e1 documentado e implementado de manera efectiva. Esta certificaci\u00f3n refleja nuestro compromiso continuo con la excelencia en la atracci\u00f3n, contrataci\u00f3n y retenci\u00f3n del talento.<\/span><\/p>\n<\/div><\/section><\/div><div class=\"flex_column av_three_fifth  flex_column_div av-zero-column-padding   avia-builder-el-6  el_after_av_two_fifth  avia-builder-el-last  \" style='border-radius:0px; '><div  class='avia-image-container avia_animated_image avia_animate_when_almost_visible fade-in av-styling- av-hover-grow av-hide-overflow   avia-builder-el-7  avia-builder-el-no-sibling  avia-align-center '  itemprop=\"image\" itemscope=\"itemscope\" itemtype=\"https:\/\/schema.org\/ImageObject\"  ><div class='avia-image-container-inner'><div class='avia-image-overlay-wrap'><a href=\"https:\/\/atrabajar.mx\/web\/wp-content\/uploads\/2024\/10\/ISO-30405-ATSE1_1-796x1030.jpg\" data-srcset=\"https:\/\/atrabajar.mx\/web\/wp-content\/uploads\/2024\/10\/ISO-30405-ATSE1_1-796x1030.jpg 796w, https:\/\/atrabajar.mx\/web\/wp-content\/uploads\/2024\/10\/ISO-30405-ATSE1_1-232x300.jpg 232w, https:\/\/atrabajar.mx\/web\/wp-content\/uploads\/2024\/10\/ISO-30405-ATSE1_1-768x994.jpg 768w, https:\/\/atrabajar.mx\/web\/wp-content\/uploads\/2024\/10\/ISO-30405-ATSE1_1-545x705.jpg 545w, https:\/\/atrabajar.mx\/web\/wp-content\/uploads\/2024\/10\/ISO-30405-ATSE1_1.jpg 816w\" data-sizes=\"(max-width: 796px) 100vw, 796px\" class='avia_image' ><img decoding=\"async\" width=\"232\" height=\"300\" class='wp-image-1390 avia-img-lazy-loading-not-1390 avia_image' src=\"https:\/\/atrabajar.mx\/web\/wp-content\/uploads\/2024\/10\/ISO-30405-ATSE1_1-232x300.jpg\" alt='' title='ISO-30405-ATSE[1]_1'  itemprop=\"thumbnailUrl\" srcset=\"https:\/\/atrabajar.mx\/web\/wp-content\/uploads\/2024\/10\/ISO-30405-ATSE1_1-232x300.jpg 232w, https:\/\/atrabajar.mx\/web\/wp-content\/uploads\/2024\/10\/ISO-30405-ATSE1_1-796x1030.jpg 796w, https:\/\/atrabajar.mx\/web\/wp-content\/uploads\/2024\/10\/ISO-30405-ATSE1_1-768x994.jpg 768w, https:\/\/atrabajar.mx\/web\/wp-content\/uploads\/2024\/10\/ISO-30405-ATSE1_1-545x705.jpg 545w, https:\/\/atrabajar.mx\/web\/wp-content\/uploads\/2024\/10\/ISO-30405-ATSE1_1.jpg 816w\" sizes=\"(max-width: 232px) 100vw, 232px\" \/><\/a><\/div><\/div><\/div><\/div>\n\n<\/div><\/div><\/div><!-- close content main div --><\/div><\/div><div id='av_section_2'  class='avia-section main_color avia-section-large avia-no-border-styling  avia-bg-style-scroll  avia-builder-el-8  el_after_av_section  el_before_av_section   av-minimum-height av-minimum-height-custom  container_wrap fullsize' style=' '  ><div class='container' style='height:500px'><div class='template-page content  av-content-full alpha units'><div class='post-entry post-entry-type-page post-entry-20'><div class='entry-content-wrapper clearfix'>\n<div class='flex_column_table av-equal-height-column-flextable -flextable' style='margin-top:20PX; margin-bottom:20PX; '><div class=\"flex_column av_one_half  flex_column_table_cell av-equal-height-column av-align-top av-zero-column-padding first  avia-builder-el-9  el_before_av_one_half  avia-builder-el-first  \" style='border-radius:0px; '><section class=\"av_textblock_section \"  itemscope=\"itemscope\" itemtype=\"https:\/\/schema.org\/CreativeWork\" ><div class='avia_textblock  '   itemprop=\"text\" ><h1 class=\"callout-feature-title\">NOSOTROS<\/h1>\n<p style=\"text-align: justify;\"><strong>ATENCI\u00d3N PERSONALIZADA<\/strong><br \/>\nPor medio de la detecci\u00f3n de necesidades buscamos brindar soluciones espec\u00edficas para cada empresa y organizaci\u00f3n.<\/p>\n<p style=\"text-align: justify;\"><strong>CALIDAD<\/strong><br \/>\nGarantizar el cubrimiento de los puestos con personal altamente calificado que contribuya al cumplimiento de las metas y objetivos trazados por la organizaci\u00f3n y que a su vez se conviertan en mayor productividad y mayores ingresos para nuestros clientes (Inversi\u00f3n).<\/p>\n<p style=\"text-align: justify;\"><strong>CONFIDENCIALIDAD<\/strong><br \/>\nPor que nuestros clientes son lo mas importante para nosotros, por lo que aseguramos que su informaci\u00f3n no ser\u00e1 manipulada o utilizada indebidamente en beneficio de terceros.<\/p>\n<\/div><\/section><\/div><div class='av-flex-placeholder'><\/div><div class=\"flex_column av_one_half  avia-full-stretch flex_column_table_cell av-equal-height-column av-align-top   avia-builder-el-11  el_after_av_one_half  el_before_av_one_half  \" style='padding:5px; border-radius:0px; '><div  class='avia-image-container avia_animated_image avia_animate_when_almost_visible fade-in av-styling-no-styling    avia-builder-el-12  avia-builder-el-no-sibling  avia-align-center '  itemprop=\"image\" itemscope=\"itemscope\" itemtype=\"https:\/\/schema.org\/ImageObject\"  ><div class='avia-image-container-inner'><div class='avia-image-overlay-wrap'><img decoding=\"async\" class='wp-image-96 avia-img-lazy-loading-not-96 avia_image' src=\"https:\/\/atrabajar.mx\/web\/wp-content\/uploads\/2020\/07\/fondo-acerca.jpg\" alt='' title='fondo acerca' height=\"1080\" width=\"1620\"  itemprop=\"thumbnailUrl\" srcset=\"https:\/\/atrabajar.mx\/web\/wp-content\/uploads\/2020\/07\/fondo-acerca.jpg 1620w, https:\/\/atrabajar.mx\/web\/wp-content\/uploads\/2020\/07\/fondo-acerca-600x400.jpg 600w, https:\/\/atrabajar.mx\/web\/wp-content\/uploads\/2020\/07\/fondo-acerca-300x200.jpg 300w, https:\/\/atrabajar.mx\/web\/wp-content\/uploads\/2020\/07\/fondo-acerca-1024x683.jpg 1024w, https:\/\/atrabajar.mx\/web\/wp-content\/uploads\/2020\/07\/fondo-acerca-768x512.jpg 768w, https:\/\/atrabajar.mx\/web\/wp-content\/uploads\/2020\/07\/fondo-acerca-1536x1024.jpg 1536w\" sizes=\"(max-width: 1620px) 100vw, 1620px\" \/><\/div><\/div><\/div><\/div><\/div><!--close column table wrapper. Autoclose: 1 --><div class=\"flex_column av_one_half  flex_column_div av-zero-column-padding first  avia-builder-el-13  el_after_av_one_half  el_before_av_one_half  column-top-margin\" style='border-radius:0px; '><article  class=\"iconbox iconbox_top av-no-box   avia-builder-el-14  avia-builder-el-no-sibling  \"  itemscope=\"itemscope\" itemtype=\"https:\/\/schema.org\/CreativeWork\" ><div class=\"iconbox_content\"><header class=\"entry-content-header\"><div class=\"iconbox_icon heading-color\" aria-hidden='true' data-av_icon='\ue80b' data-av_iconfont='entypo-fontello'  style='border:1px solid #294759; color:#294759; ' ><\/div><h3 class='iconbox_content_title  '  itemprop=\"headline\"  >EVALUACI\u00d3N DE PERSONAL<\/h3><\/header><div class='iconbox_content_container  '  itemprop=\"text\"  ><p style=\"text-align: justify;\">Determinamos el grado de conocimientos, habilidades adquiridas dentro de su formaci\u00f3n acad\u00e9mica y su trayectoria profesional, as\u00ed como los rasgos de personalidad y valores del candidato con la finalidad de conocer si es viable para incorporarse a su empresa y cumple con las caracter\u00edsticas requeridas para el puesto.<\/p>\n<\/div><\/div><footer class=\"entry-footer\"><\/footer><\/article><\/div><div class=\"flex_column av_one_half  flex_column_div av-zero-column-padding   avia-builder-el-15  el_after_av_one_half  avia-builder-el-last  column-top-margin\" style='border-radius:0px; '><article  class=\"iconbox iconbox_top av-no-box   avia-builder-el-16  avia-builder-el-no-sibling  \"  itemscope=\"itemscope\" itemtype=\"https:\/\/schema.org\/CreativeWork\" ><div class=\"iconbox_content\"><header class=\"entry-content-header\"><div class=\"iconbox_icon heading-color\" aria-hidden='true' data-av_icon='\ue80c' data-av_iconfont='entypo-fontello'  style='border:1px solid #294759; color:#294759; ' ><\/div><h3 class='iconbox_content_title  '  itemprop=\"headline\"  >RECLUTAMIENTO Y SELECCI\u00d3N<\/h3><\/header><div class='iconbox_content_container  '  itemprop=\"text\"  ><div class=\"container\">\n<div class=\"col-xs-12 col-sm-6 col-sm-offset-6\">\n<div class=\"callout-feature-content callout-feature-content--height-medium\">\n<p style=\"text-align: justify;\">Estamos enfocados a cubrir las necesidades espec\u00edficas de su organizaci\u00f3n en la b\u00fasqueda de candidatos por lo tanto utilizamos diferentes fuentes y medios de reclutamiento acorde a cada perfil.<\/p>\n<\/div>\n<\/div>\n<\/div>\n<\/div><\/div><footer class=\"entry-footer\"><\/footer><\/article><\/div>\n\n<\/div><\/div><\/div><!-- close content main div --><\/div><\/div><div id='av_section_3'  class='avia-section header_color avia-section-default avia-no-border-styling  av-parallax-section avia-bg-style-parallax  avia-builder-el-17  el_after_av_section  avia-builder-el-last   av-minimum-height av-minimum-height-25  container_wrap fullsize' style='background-color: rgba(58,58,58,0.31);  '  data-section-bg-repeat='no-repeat' data-av_minimum_height_pc='25'><div class='av-parallax' data-avia-parallax-ratio='0.3' ><div class='av-parallax-inner header_color  avia-full-stretch' style = 'background-color: rgba(58,58,58,0.31); background-repeat: no-repeat; background-image: url(https:\/\/atrabajar.mx\/web\/wp-content\/uploads\/2017\/12\/slider13.jpg);background-attachment: scroll; background-position: center center; ' ><\/div><\/div><div class='container' ><div class='template-page content  av-content-full alpha units'><div class='post-entry post-entry-type-page post-entry-20'><div class='entry-content-wrapper clearfix'>\n<div  style='padding-bottom:10px; color:#ffffff;font-size:35px;' class='av-special-heading av-special-heading-h1 custom-color-heading blockquote modern-quote modern-centered  avia-builder-el-18  el_before_av_heading  avia-builder-el-first  av-inherit-size '><h1 class='av-special-heading-tag '  itemprop=\"headline\"  >\u00bfTienes alguna duda?<\/h1><div class='special-heading-border'><div class='special-heading-inner-border' style='border-color:#ffffff'><\/div><\/div><\/div>\n<div  style='padding-bottom:10px; color:#ffffff;font-size:25px;' class='av-special-heading av-special-heading-h3 custom-color-heading blockquote modern-quote modern-centered  avia-builder-el-19  el_after_av_heading  el_before_av_heading  av-inherit-size '><h3 class='av-special-heading-tag '  itemprop=\"headline\"  >Puedes contactarnos al tel: 3341598728<\/h3><div class='special-heading-border'><div class='special-heading-inner-border' style='border-color:#ffffff'><\/div><\/div><\/div>\n<div  style='padding-bottom:10px; color:#ffffff;font-size:25px;' class='av-special-heading av-special-heading-h3 custom-color-heading blockquote modern-quote modern-centered  avia-builder-el-20  el_after_av_heading  el_before_av_hr  av-inherit-size '><h3 class='av-special-heading-tag '  itemprop=\"headline\"  >CIUDAD GRANJA: Calz de los Fresnos 70A, Ciudad Granja, 45010 Zapopan Jal. OF.11<\/h3><div class='special-heading-border'><div class='special-heading-inner-border' style='border-color:#ffffff'><\/div><\/div><\/div>\n<div  style='height:20px' class='hr hr-invisible   avia-builder-el-21  el_after_av_heading  el_before_av_hr '><span class='hr-inner ' ><span class='hr-inner-style'><\/span><\/span><\/div>\n<div  style='height:20px' class='hr hr-invisible   avia-builder-el-22  el_after_av_hr  el_before_av_contact '><span class='hr-inner ' ><span class='hr-inner-style'><\/span><\/span><\/div>\n<form action=\"https:\/\/atrabajar.mx\/web\/\" method=\"post\"  class=\"avia_ajax_form av-form-labels-visible   avia-builder-el-23  el_after_av_hr  avia-builder-el-last  av-centered-form  av-custom-form-color av-light-form \" data-avia-form-id=\"1\" data-avia-redirect='' ><fieldset><p class='  first_form  form_element form_fullwidth' id='element_avia_1_1'><label for=\"avia_1_1\">Nombre <abbr class=\"required\" title=\"requerido\">*<\/abbr><\/label> <input name=\"avia_1_1\" class=\"text_input is_empty\" type=\"text\" id=\"avia_1_1\" value=\"\" \/><\/p><p class='  first_form  form_element form_fullwidth' id='element_avia_2_1'><label for=\"avia_2_1\">Correo electr\u00f3nico <abbr class=\"required\" title=\"requerido\">*<\/abbr><\/label> <input name=\"avia_2_1\" class=\"text_input is_email\" type=\"text\" id=\"avia_2_1\" value=\"\" \/><\/p><p class='  first_form  form_element form_fullwidth' id='element_avia_3_1'><label for=\"avia_3_1\">Asunto <abbr class=\"required\" title=\"requerido\">*<\/abbr><\/label> <input name=\"avia_3_1\" class=\"text_input is_empty\" type=\"text\" id=\"avia_3_1\" value=\"\" \/><\/p><p class='  first_form  form_element form_fullwidth av-last-visible-form-element' id='element_avia_4_1'><label for=\"avia_4_1\" class=\"textare_label hidden textare_label_avia_4_1\">Mensaje <abbr class=\"required\" title=\"requerido\">*<\/abbr><\/label><textarea  name=\"avia_4_1\" class=\"text_area is_empty\" cols=\"40\" rows=\"7\" id=\"avia_4_1\" ><\/textarea><\/p><p class=\"hidden\"><input type=\"text\" name=\"avia_5_1\" class=\"hidden \" id=\"avia_5_1\" value=\"\" \/><\/p><p class=\"form_element \"><input type=\"hidden\" value=\"1\" name=\"avia_generated_form1\" \/><input type=\"submit\" value=\"Enviar\" class=\"button\"  data-sending-label=\"Enviando\"\/><\/p><\/fieldset><\/form><div id=\"ajaxresponse_1\" class=\"ajaxresponse ajaxresponse_1 hidden\"><\/div>\n\n","protected":false},"excerpt":{"rendered":"\u00bfBuscas Empleo?Sube tu CV Certificaci\u00f3n ISO 30405: 2023 Compromiso con la Excelencia en la Gesti\u00f3n de Recursos Humanos Nos enorgullece anunciar que hemos obtenido la certificaci\u00f3n ISO 30405:2023, un reconocimiento internacional que garantiza que nuestro sistema de gesti\u00f3n de recursos humanos est\u00e1 documentado e implementado de manera efectiva. Esta certificaci\u00f3n refleja nuestro compromiso continuo con [...]","protected":false},"author":1,"featured_media":0,"parent":0,"menu_order":0,"comment_status":"closed","ping_status":"closed","template":"","meta":{"footnotes":""},"class_list":["post-20","page","type-page","status-publish","hentry"],"_links":{"self":[{"href":"https:\/\/atrabajar.mx\/web\/wp-json\/wp\/v2\/pages\/20","targetHints":{"allow":["GET"]}}],"collection":[{"href":"https:\/\/atrabajar.mx\/web\/wp-json\/wp\/v2\/pages"}],"about":[{"href":"https:\/\/atrabajar.mx\/web\/wp-json\/wp\/v2\/types\/page"}],"author":[{"embeddable":true,"href":"https:\/\/atrabajar.mx\/web\/wp-json\/wp\/v2\/users\/1"}],"replies":[{"embeddable":true,"href":"https:\/\/atrabajar.mx\/web\/wp-json\/wp\/v2\/comments?post=20"}],"version-history":[{"count":24,"href":"https:\/\/atrabajar.mx\/web\/wp-json\/wp\/v2\/pages\/20\/revisions"}],"predecessor-version":[{"id":1401,"href":"https:\/\/atrabajar.mx\/web\/wp-json\/wp\/v2\/pages\/20\/revisions\/1401"}],"wp:attachment":[{"href":"https:\/\/atrabajar.mx\/web\/wp-json\/wp\/v2\/media?parent=20"}],"curies":[{"name":"wp","href":"https:\/\/api.w.org\/{rel}","templated":true}]}}