{"id":3,"date":"2020-07-02T18:41:17","date_gmt":"2020-07-02T18:41:17","guid":{"rendered":"https:\/\/atrabajar.mx\/web\/?page_id=3"},"modified":"2021-07-27T14:37:58","modified_gmt":"2021-07-27T14:37:58","slug":"privacy-policy","status":"publish","type":"page","link":"https:\/\/atrabajar.mx\/web\/privacy-policy\/","title":{"rendered":"Aviso de Privacidad"},"content":{"rendered":"<div id='av_section_1'  class='avia-section main_color avia-section-default avia-no-border-styling  avia-full-stretch av-parallax-section avia-bg-style-parallax  avia-builder-el-0  el_before_av_textblock  avia-builder-el-first   container_wrap fullsize' style=' '  data-section-bg-repeat='stretch'><div class='av-parallax' data-avia-parallax-ratio='0.3' ><div class='av-parallax-inner main_color  avia-full-stretch' style = 'background-repeat: no-repeat; background-image: url(https:\/\/atrabajar.mx\/web\/wp-content\/uploads\/2017\/12\/slider11-1024x448.jpg);background-attachment: scroll; background-position: center center; ' ><\/div><\/div><div class='container' ><main  role=\"main\" itemprop=\"mainContentOfPage\"  class='template-page content  av-content-full alpha units'><div class='post-entry post-entry-type-page post-entry-3'><div class='entry-content-wrapper clearfix'>\n<div class=\"flex_column av_one_full  flex_column_div av-zero-column-padding first  avia-builder-el-1  avia-builder-el-no-sibling  FullWidthSection container invalid-custom-class-found width invalid-custom-class-found important max-width none important invalid-custom-class-found \" style='margin-top:0px; margin-bottom:0px; border-radius:0px; ' id=\"avpriv\" ><section class=\"av_textblock_section \"  itemscope=\"itemscope\" itemtype=\"https:\/\/schema.org\/CreativeWork\" ><div class='avia_textblock  av_inherit_color '  style='font-size:25px; color:#ffffff; '  itemprop=\"text\" ><h1 style=\"text-align: center;\">Aviso de Privacidad<\/h1>\n<\/div><\/section><\/div><\/div><\/div><\/main><!-- close content main element --><\/div><\/div><div id='after_section_1'  class='main_color av_default_container_wrap container_wrap fullsize' style=' '  ><div class='container' ><div class='template-page content  av-content-full alpha units'><div class='post-entry post-entry-type-page post-entry-3'><div class='entry-content-wrapper clearfix'><section class=\"av_textblock_section \"  itemscope=\"itemscope\" itemtype=\"https:\/\/schema.org\/CreativeWork\" ><div class='avia_textblock  '   itemprop=\"text\" ><h1 style=\"text-align: center;\"><strong>\u00bfQui\u00e9nes Somos?<\/strong><\/h1>\n<p>Nuestro sitio: https:\/\/atrabajar.mx\/web.<\/p>\n<p><strong>Qu\u00e9 datos personales recopilamos y por qu\u00e9 los recopilamos<\/strong><br \/>\n<strong>Comentarios<\/strong><\/p>\n<p style=\"text-align: justify;\">Cuando los visitantes dejan comentarios en el sitio, recopilamos los datos que se muestran en el formulario de comentarios, y tambi\u00e9n la direcci\u00f3n IP del visitante y la cadena del agente de usuario del navegador para ayudar a la detecci\u00f3n de spam.<\/p>\n<p style=\"text-align: justify;\">Se puede proporcionar una cadena an\u00f3nima creada a partir de su direcci\u00f3n de correo electr\u00f3nico (tambi\u00e9n llamada hash) al servicio Gravatar para ver si la est\u00e1 utilizando. La pol\u00edtica de privacidad del servicio Gravatar est\u00e1 disponible aqu\u00ed: https:\/\/automattic.com\/privacy\/. Despu\u00e9s de la aprobaci\u00f3n de su comentario, su foto de perfil es visible para el p\u00fablico en el contexto de su comentario.<\/p>\n<p><strong>Medios de comunicaci\u00f3n<\/strong><\/p>\n<p style=\"text-align: justify;\">Si carga im\u00e1genes en el sitio web, debe evitar cargar im\u00e1genes con datos de ubicaci\u00f3n incrustados (GPS EXIF) incluidos. Los visitantes del sitio web pueden descargar y extraer los datos de ubicaci\u00f3n de las im\u00e1genes en el sitio web.<\/p>\n<p><strong>Formularios de contacto<\/strong><br \/>\n<strong>Cookies<\/strong><\/p>\n<p style=\"text-align: justify;\">Si deja un comentario en nuestro sitio, puede optar por guardar su nombre, direcci\u00f3n de correo electr\u00f3nico y sitio web en cookies. Estos son para su conveniencia para que no tenga que completar sus datos nuevamente cuando deje otro comentario. Estas cookies durar\u00e1n un a\u00f1o.<\/p>\n<p style=\"text-align: justify;\">Si visita nuestra p\u00e1gina de inicio de sesi\u00f3n, estableceremos una cookie temporal para determinar si su navegador acepta cookies. Esta cookie no contiene datos personales y se descarta cuando cierra su navegador.<\/p>\n<p style=\"text-align: justify;\">Cuando inicie sesi\u00f3n, tambi\u00e9n configuraremos varias cookies para guardar su informaci\u00f3n de inicio de sesi\u00f3n y sus opciones de visualizaci\u00f3n en pantalla. Las cookies de inicio de sesi\u00f3n duran dos d\u00edas y las cookies de opciones de pantalla duran un a\u00f1o. Si selecciona \u00abRecordarme\u00bb, su inicio de sesi\u00f3n persistir\u00e1 durante dos semanas. Si cierra sesi\u00f3n en su cuenta, se eliminar\u00e1n las cookies de inicio de sesi\u00f3n.<\/p>\n<p style=\"text-align: justify;\">Si edita o publica un art\u00edculo, se guardar\u00e1 una cookie adicional en su navegador. Esta cookie no incluye datos personales y simplemente indica el ID de publicaci\u00f3n del art\u00edculo que acaba de editar. Caduca despu\u00e9s de 1 d\u00eda.<\/p>\n<p><strong>Contenido incrustado de otros sitios web<\/strong><\/p>\n<p style=\"text-align: justify;\">Los art\u00edculos en este sitio pueden incluir contenido incrustado (por ejemplo, videos, im\u00e1genes, art\u00edculos, etc.). El contenido incrustado de otros sitios web se comporta exactamente de la misma manera que si el visitante hubiera visitado el otro sitio web.<\/p>\n<p style=\"text-align: justify;\">Estos sitios web pueden recopilar datos sobre usted, usar cookies, incrustar seguimiento adicional de terceros y monitorear su interacci\u00f3n con ese contenido incrustado, incluido el seguimiento de su interacci\u00f3n con el contenido incrustado si tiene una cuenta y ha iniciado sesi\u00f3n en ese sitio web.<\/p>\n<h1 style=\"text-align: center;\"><strong>Nuestro Aviso de Privacidad<\/strong><\/h1>\n<p style=\"text-align: justify;\">De conformidad con lo establecido en el Art\u00edculo 17, fracci\u00f3n II de la Ley Federal de Protecci\u00f3n de Datos Personales en Posesi\u00f3n de los Particulares le informamos que A Trabajar Soluciones de Empleo, SA de CV, en lo sucesivo denominado como el Responsable, con domicilio en Anatole France 230, Col. Polanco IV Secci\u00f3n, Miguel Hidalgo , C.P. 11550, Ciudad de M\u00e9xico, por medio del presente hace de su conocimiento que los datos personales que nos proporcione como cliente o cliente potencial ser\u00e1n tratados estrictamente para los fines que m\u00e1s adelante se se\u00f1alan<\/p>\n<p style=\"text-align: justify;\">Datos Personales: Los datos personales que ser\u00e1n tratados por el Responsable, consisten en informaci\u00f3n personal del titular, la cual que puede comprender de manera enunciativa, m\u00e1s no limitativa, algunos de los siguientes: nombre completo, direcci\u00f3n, tel\u00e9fono, RFC, registro patronal del IMSS, nacionalidad, pa\u00eds de residencia, tipo de servicio requerido, nombre del contacto, tel\u00e9fono del contacto, correo electr\u00f3nico del contacto, descripci\u00f3n del servicio contratado y condiciones comerciales, nombre, domicilio y tel\u00e9fonos del solicitante, reportes del servicio, sector, giro y; los siguientes datos financieros o patrimoniales: principales instituciones de cr\u00e9dito en las cuales tenga cuentas bancarias, sucursales, n\u00fameros de cuenta, y n\u00fameros de cuenta CLABE en su caso, estrictamente indispensable para los fines que m\u00e1s adelante se se\u00f1alan.<\/p>\n<p style=\"text-align: justify;\">En caso de no contar con sus datos personales no estar\u00edamos en posibilidad de proporcionarle de forma correcta los servicios que requiere de nosotros, o informarle cambios sobre los mismos, ni satisfacer sus necesidades de forma apropiada, por lo que el Responsable no tendr\u00eda ning\u00fan tipo de responsabilidad derivado de ello.<\/p>\n<p style=\"text-align: justify;\">Fines del tratamiento de Datos Personales El Responsable recabar\u00e1 sus datos personales sin fines de divulgaci\u00f3n o utilizaci\u00f3n comercial de los mismos, y ser\u00e1n tratados \u00fanicamente con las siguientes finalidades:<\/p>\n<p style=\"text-align: justify;\">Generar una base de datos de los clientes; II. Recabar informaci\u00f3n de usted para prestarle el servicio; III. Celebrar un contrato para que el Responsable preste sus servicios, tales como reclutamiento, selecci\u00f3n y administraci\u00f3n de n\u00f3mina de personal, entre otros; IV. El cumplimiento de obligaciones que deriven de la relaci\u00f3n jur\u00eddica que se establezca con el cliente;\u00a0 V. Proveer los servicios y productos requeridos por el cliente de forma oportuna y correcta;<\/p>\n<p style=\"text-align: justify;\">Los datos personales ser\u00e1n guardados bajo la m\u00e1s estricta confidencialidad y no se les podr\u00e1 dar un uso distinto a los antes mencionados, salvo que medie un cambio en este Aviso de Privacidad.<\/p>\n<p style=\"text-align: justify;\">Una vez que se cumpla la finalidad del tratamiento de datos personales, \u00e9stos ser\u00e1n bloqueados con el \u00fanico prop\u00f3sito de determinar posibles responsabilidades en relaci\u00f3n con su tratamiento, hasta el plazo de prescripci\u00f3n legal o contractual de \u00e9stas. Durante dicho periodo, los datos personales no podr\u00e1n ser objeto de tratamiento y transcurrido \u00e9ste, se proceder\u00e1 a su cancelaci\u00f3n en la base de datos que corresponde.<\/p>\n<p style=\"text-align: justify;\">Recopilaci\u00f3n de Datos Personales Los datos personales ser\u00e1n recabados directamente del titular de forma personal o a trav\u00e9s de otros medios \u00f3pticos, sonoros, visuales, o por cualquier otra tecnolog\u00eda l\u00edcita como nuestra p\u00e1gina de internet o servicios en l\u00ednea, entre otra<\/p>\n<p style=\"text-align: justify;\">L\u00edmite de uso o divulgaci\u00f3n de Datos Personales. El Responsable ha designado a un encargado de datos personales, en adelante referido como el Oficial de Privacidad, por lo tanto usted podr\u00e1 limitar el uso o divulgaci\u00f3n de sus datos personales de manera personal ante el Responsable, en el domicilio se\u00f1alado anteriormente.<\/p>\n<p style=\"text-align: justify;\">Usted podr\u00e1 revocar su consentimiento para el tratamiento de sus datos personales de la misma forma por la cual otorgo su consentimiento. Si con posterioridad a la revocaci\u00f3n usted solicita la confirmaci\u00f3n de la misma, el Responsable le responder\u00e1 de forma expresa.<\/p>\n<p style=\"text-align: justify;\">Usted tiene el derecho de: (i) acceder a sus datos personales en nuestro poder y conocer los detalles del tratamiento de los mismos, (ii) rectificarlos en caso de ser inexactos o incompletos, (iii) cancelarlos cuando considere que no se requieren para alguna de las finalidades se\u00f1aladas en el presente aviso de privacidad, est\u00e9n siendo utilizados para finalidades no consentidas o haya finalizado la relaci\u00f3n contractual o de servicio, o (iv) oponerse al tratamiento de los mismos para fines espec\u00edficos, seg\u00fan lo marca la ley, en conjunto denominados como los derechos ARCO.<\/p>\n<p style=\"text-align: justify;\">Medios para ejercer los derechos ARCO. Para el ejercicio de sus derechos ARCO, deber\u00e1 presentar una solicitud al Responsable, a la atenci\u00f3n del Oficial de Privacidad, al domicilio se\u00f1alado en el primer p\u00e1rrafo del presente aviso de privacidad, acompa\u00f1ando la siguiente informaci\u00f3n y documentaci\u00f3n:<\/p>\n<p style=\"text-align: justify;\">Nombre, domicilio y correo electr\u00f3nico del titular comunicarle la respuesta a la solicitud ARCO; II. Documentos que acrediten su identidad o, en su caso, la representaci\u00f3n legal del titular, cuyo original deber\u00e1 presentar para poder recibir la respuesta del Responsable; III. Descripci\u00f3n clara y precisa de los datos personales respecto de los cuales busca ejercer alguno de los derechos ARCO;\u00a0 IV. Cualquier documento o informaci\u00f3n que facilite la localizaci\u00f3n de sus datos personales, as\u00ed como cualquier otro documento que exija la legislaci\u00f3n vigente al momento de la presentaci\u00f3n de la solicitud y;\u00a0 V. En caso de solicitar una rectificaci\u00f3n de sus datos personales, deber\u00e1 de indicar tambi\u00e9n, las modificaciones a realizarse y aportar la documentaci\u00f3n que sustente su petici\u00f3n.<\/p>\n<p style=\"text-align: justify;\">Revocaci\u00f3n El titular de los datos personales podr\u00e1 revocar su consentimiento para el tratamiento de datos personales en cualquier momento, debiendo, \u00fanicamente para tales efectos, enviar una solicitud por escrito al Oficial de Privacidad, quien responder\u00e1 su solicitud ARCO y los motivos de su decisi\u00f3n mediante un correo electr\u00f3nico en un plazo m\u00e1ximo de 20 d\u00edas h\u00e1biles contados desde el d\u00eda en que se haya recibido su solicitud ARCO.<\/p>\n<p style=\"text-align: justify;\">En caso de que la solicitud ARCO se conteste de manera afirmativa o procedente, los cambios solicitados se har\u00e1n en un plazo m\u00e1ximo de 15 d\u00edas h\u00e1biles. El Responsable podr\u00e1 notificarle dentro de los plazos referidos en este p\u00e1rrafo la pr\u00f3rroga de los mismos, por una sola vez, por un periodo igual al original.<\/p>\n<p style=\"text-align: justify;\">El Responsable podr\u00e1 negar el acceso para que usted ejerza sus derechos ARCO, en los supuestos que lo permita la ley, por lo que deber\u00e1 informar a usted el motivo de tal decisi\u00f3n.<\/p>\n<p style=\"text-align: justify;\">La negativa podr\u00e1 ser parcial, en cuyo caso el Responsable efectuar\u00e1 el acceso, rectificaci\u00f3n, cancelaci\u00f3n u oposici\u00f3n en la parte procedente.<\/p>\n<p style=\"text-align: justify;\">Transferencia de datos\u00a0 Los datos personales jam\u00e1s ser\u00e1n divulgados ni compartidos con terceros, no se considera como tercero a las empresas filiales de Grupo SS, que requieran tener los datos personales para los fines antes mencionados<\/p>\n<p style=\"text-align: justify;\">Cambios o modificaciones al aviso de privacidad.\u00a0 El Responsable se reserva el derecho de efectuar en cualquier momento modificaciones o actualizaciones al presente aviso de privacidad, en el entendido de que toda modificaci\u00f3n al mismo se le har\u00e1 conocer a usted con por lo menos 30 d\u00edas de anticipaci\u00f3n a la fecha en que surtan efectos las modificaciones, por medio de la publicaci\u00f3n del aviso en la p\u00e1gina de internet o a trav\u00e9s del correo electr\u00f3nico que nos haya proporcionado.<\/p>\n<p style=\"text-align: justify;\">No seremos responsables si usted no recibe la notificaci\u00f3n de cambio en el Aviso de Privacidad si existiere alg\u00fan problema con su cuenta de correo electr\u00f3nico o de transmisi\u00f3n de datos por internet.<\/p>\n<p style=\"text-align: justify;\">Consentimiento del Titular\u00a0 En t\u00e9rminos de lo dispuesto por el art\u00edculo 8 de la Ley se entender\u00e1 que el titular consiente t\u00e1citamente el tratamiento de sus datos, cuando habi\u00e9ndose puesto a su disposici\u00f3n el presente Aviso de Privacidad, no manifieste su oposici\u00f3n.<\/p>\n<\/div><\/section>\n","protected":false},"excerpt":{"rendered":"Aviso de Privacidad \u00bfQui\u00e9nes Somos? Nuestro sitio: https:\/\/atrabajar.mx\/web. Qu\u00e9 datos personales recopilamos y por qu\u00e9 los recopilamos Comentarios Cuando los visitantes dejan comentarios en el sitio, recopilamos los datos que se muestran en el formulario de comentarios, y tambi\u00e9n la direcci\u00f3n IP del visitante y la cadena del agente de usuario del navegador para ayudar [...]","protected":false},"author":1,"featured_media":0,"parent":0,"menu_order":0,"comment_status":"closed","ping_status":"closed","template":"","meta":{"footnotes":""},"class_list":["post-3","page","type-page","status-publish","hentry"],"_links":{"self":[{"href":"https:\/\/atrabajar.mx\/web\/wp-json\/wp\/v2\/pages\/3","targetHints":{"allow":["GET"]}}],"collection":[{"href":"https:\/\/atrabajar.mx\/web\/wp-json\/wp\/v2\/pages"}],"about":[{"href":"https:\/\/atrabajar.mx\/web\/wp-json\/wp\/v2\/types\/page"}],"author":[{"embeddable":true,"href":"https:\/\/atrabajar.mx\/web\/wp-json\/wp\/v2\/users\/1"}],"replies":[{"embeddable":true,"href":"https:\/\/atrabajar.mx\/web\/wp-json\/wp\/v2\/comments?post=3"}],"version-history":[{"count":6,"href":"https:\/\/atrabajar.mx\/web\/wp-json\/wp\/v2\/pages\/3\/revisions"}],"predecessor-version":[{"id":1296,"href":"https:\/\/atrabajar.mx\/web\/wp-json\/wp\/v2\/pages\/3\/revisions\/1296"}],"wp:attachment":[{"href":"https:\/\/atrabajar.mx\/web\/wp-json\/wp\/v2\/media?parent=3"}],"curies":[{"name":"wp","href":"https:\/\/api.w.org\/{rel}","templated":true}]}}